{"id":1182,"date":"2025-01-21T19:15:46","date_gmt":"2025-01-21T22:15:46","guid":{"rendered":"https:\/\/avalicon.com.br\/?page_id=1182"},"modified":"2025-02-03T11:49:04","modified_gmt":"2025-02-03T14:49:04","slug":"politica-de-meio-ambiente","status":"publish","type":"page","link":"https:\/\/avalicon.com.br\/index.php\/politica-de-meio-ambiente\/","title":{"rendered":"Pol\u00edtica de Meio Ambiente"},"content":{"rendered":"\t\t<div data-elementor-type=\"wp-page\" data-elementor-id=\"1182\" class=\"elementor elementor-1182\" data-elementor-post-type=\"page\">\n\t\t\t\t<div class=\"elementor-element elementor-element-59c8b83 e-flex e-con-boxed e-con e-parent\" data-id=\"59c8b83\" data-element_type=\"container\" data-settings=\"{&quot;background_background&quot;:&quot;slideshow&quot;,&quot;background_slideshow_gallery&quot;:[{&quot;id&quot;:954,&quot;url&quot;:&quot;https:\\\/\\\/avalicon.com.br\\\/wp-content\\\/uploads\\\/2024\\\/06\\\/38.png&quot;},{&quot;id&quot;:943,&quot;url&quot;:&quot;https:\\\/\\\/avalicon.com.br\\\/wp-content\\\/uploads\\\/2024\\\/06\\\/29.png&quot;},{&quot;id&quot;:937,&quot;url&quot;:&quot;https:\\\/\\\/avalicon.com.br\\\/wp-content\\\/uploads\\\/2024\\\/06\\\/24.png&quot;},{&quot;id&quot;:922,&quot;url&quot;:&quot;https:\\\/\\\/avalicon.com.br\\\/wp-content\\\/uploads\\\/2024\\\/06\\\/11.png&quot;},{&quot;id&quot;:941,&quot;url&quot;:&quot;https:\\\/\\\/avalicon.com.br\\\/wp-content\\\/uploads\\\/2024\\\/06\\\/27.png&quot;}],&quot;background_slideshow_ken_burns&quot;:&quot;yes&quot;,&quot;background_slideshow_loop&quot;:&quot;yes&quot;,&quot;background_slideshow_slide_duration&quot;:5000,&quot;background_slideshow_slide_transition&quot;:&quot;fade&quot;,&quot;background_slideshow_transition_duration&quot;:500,&quot;background_slideshow_ken_burns_zoom_direction&quot;:&quot;in&quot;}\">\n\t\t\t\t\t<div class=\"e-con-inner\">\n\t\t\t\t<div class=\"elementor-element elementor-element-4e2d684 elementor-widget elementor-widget-heading\" data-id=\"4e2d684\" data-element_type=\"widget\" data-widget_type=\"heading.default\">\n\t\t\t\t<div class=\"elementor-widget-container\">\n\t\t\t<style>\/*! elementor - v3.21.0 - 26-05-2024 *\/\n.elementor-heading-title{padding:0;margin:0;line-height:1}.elementor-widget-heading .elementor-heading-title[class*=elementor-size-]>a{color:inherit;font-size:inherit;line-height:inherit}.elementor-widget-heading .elementor-heading-title.elementor-size-small{font-size:15px}.elementor-widget-heading .elementor-heading-title.elementor-size-medium{font-size:19px}.elementor-widget-heading .elementor-heading-title.elementor-size-large{font-size:29px}.elementor-widget-heading .elementor-heading-title.elementor-size-xl{font-size:39px}.elementor-widget-heading .elementor-heading-title.elementor-size-xxl{font-size:59px}<\/style><h3 class=\"elementor-heading-title elementor-size-default\">Politicas de Gest\u00e3o Ambiental<\/h3>\t\t<\/div>\n\t\t\t\t<\/div>\n\t\t\t\t\t<\/div>\n\t\t\t\t<\/div>\n\t\t<div class=\"elementor-element elementor-element-a3d79ce e-flex e-con-boxed e-con e-parent\" data-id=\"a3d79ce\" data-element_type=\"container\" data-settings=\"{&quot;background_background&quot;:&quot;classic&quot;}\">\n\t\t\t\t\t<div class=\"e-con-inner\">\n\t\t\t\t<div class=\"elementor-element elementor-element-fccf00c elementor-widget elementor-widget-heading\" data-id=\"fccf00c\" data-element_type=\"widget\" data-widget_type=\"heading.default\">\n\t\t\t\t<div class=\"elementor-widget-container\">\n\t\t\t<h2 class=\"elementor-heading-title elementor-size-default\">Realizar nossas atividades com respeito ao meio ambiente e que tenham como refer\u00eancias permanentes<\/h2>\t\t<\/div>\n\t\t\t\t<\/div>\n\t\t\t\t\t<\/div>\n\t\t\t\t<\/div>\n\t\t<div class=\"elementor-element elementor-element-97ac928 e-flex e-con-boxed e-con e-parent\" data-id=\"97ac928\" data-element_type=\"container\" data-settings=\"{&quot;background_background&quot;:&quot;classic&quot;}\">\n\t\t\t\t\t<div class=\"e-con-inner\">\n\t\t<div class=\"elementor-element elementor-element-3a37a68 e-flex e-con-boxed e-con e-child\" data-id=\"3a37a68\" data-element_type=\"container\" data-settings=\"{&quot;background_background&quot;:&quot;classic&quot;}\">\n\t\t\t\t\t<div class=\"e-con-inner\">\n\t\t<div class=\"elementor-element elementor-element-53733bf e-con-full e-flex e-con e-child\" data-id=\"53733bf\" data-element_type=\"container\">\n\t\t\t\t<div class=\"elementor-element elementor-element-e974890 elementor-view-stacked elementor-shape-circle elementor-position-top elementor-mobile-position-top elementor-widget elementor-widget-icon-box\" data-id=\"e974890\" data-element_type=\"widget\" data-widget_type=\"icon-box.default\">\n\t\t\t\t<div class=\"elementor-widget-container\">\n\t\t\t<link rel=\"stylesheet\" href=\"https:\/\/avalicon.com.br\/wp-content\/plugins\/elementor\/assets\/css\/widget-icon-box.min.css\">\t\t<div class=\"elementor-icon-box-wrapper\">\n\n\t\t\t\t\t\t<div class=\"elementor-icon-box-icon\">\n\t\t\t\t<span  class=\"elementor-icon elementor-animation-grow\">\n\t\t\t\t<svg aria-hidden=\"true\" class=\"e-font-icon-svg e-fas-leaf\" viewBox=\"0 0 576 512\" xmlns=\"http:\/\/www.w3.org\/2000\/svg\"><path d=\"M546.2 9.7c-5.6-12.5-21.6-13-28.3-1.2C486.9 62.4 431.4 96 368 96h-80C182 96 96 182 96 288c0 7 .8 13.7 1.5 20.5C161.3 262.8 253.4 224 384 224c8.8 0 16 7.2 16 16s-7.2 16-16 16C132.6 256 26 410.1 2.4 468c-6.6 16.3 1.2 34.9 17.5 41.6 16.4 6.8 35-1.1 41.8-17.3 1.5-3.6 20.9-47.9 71.9-90.6 32.4 43.9 94 85.8 174.9 77.2C465.5 467.5 576 326.7 576 154.3c0-50.2-10.8-102.2-29.8-144.6z\"><\/path><\/svg>\t\t\t\t<\/span>\n\t\t\t<\/div>\n\t\t\t\n\t\t\t\t\t\t<div class=\"elementor-icon-box-content\">\n\n\t\t\t\t\n\t\t\t\t\t\t\t\t\t<p class=\"elementor-icon-box-description\">\n\t\t\t\t\t\tPromover a sustentabilidade por meio da preven\u00e7\u00e3o de impactos ambientais\t\t\t\t\t<\/p>\n\t\t\t\t\n\t\t\t<\/div>\n\t\t\t\n\t\t<\/div>\n\t\t\t\t<\/div>\n\t\t\t\t<\/div>\n\t\t\t\t<\/div>\n\t\t<div class=\"elementor-element elementor-element-4791983 e-con-full e-flex e-con e-child\" data-id=\"4791983\" data-element_type=\"container\">\n\t\t\t\t<div class=\"elementor-element elementor-element-08bb5d5 elementor-view-stacked elementor-shape-circle elementor-position-top elementor-mobile-position-top elementor-widget elementor-widget-icon-box\" data-id=\"08bb5d5\" data-element_type=\"widget\" data-widget_type=\"icon-box.default\">\n\t\t\t\t<div class=\"elementor-widget-container\">\n\t\t\t\t\t<div class=\"elementor-icon-box-wrapper\">\n\n\t\t\t\t\t\t<div class=\"elementor-icon-box-icon\">\n\t\t\t\t<span  class=\"elementor-icon elementor-animation-grow\">\n\t\t\t\t<svg aria-hidden=\"true\" class=\"e-font-icon-svg e-fas-tint\" viewBox=\"0 0 352 512\" xmlns=\"http:\/\/www.w3.org\/2000\/svg\"><path d=\"M205.22 22.09c-7.94-28.78-49.44-30.12-58.44 0C100.01 179.85 0 222.72 0 333.91 0 432.35 78.72 512 176 512s176-79.65 176-178.09c0-111.75-99.79-153.34-146.78-311.82zM176 448c-61.75 0-112-50.25-112-112 0-8.84 7.16-16 16-16s16 7.16 16 16c0 44.11 35.89 80 80 80 8.84 0 16 7.16 16 16s-7.16 16-16 16z\"><\/path><\/svg>\t\t\t\t<\/span>\n\t\t\t<\/div>\n\t\t\t\n\t\t\t\t\t\t<div class=\"elementor-icon-box-content\">\n\n\t\t\t\t\n\t\t\t\t\t\t\t\t\t<p class=\"elementor-icon-box-description\">\n\t\t\t\t\t\tUsar os recursos naturais de maneira respons\u00e1vel e em conformidade com a legisla\u00e7\u00e3o ambiental\t\t\t\t\t<\/p>\n\t\t\t\t\n\t\t\t<\/div>\n\t\t\t\n\t\t<\/div>\n\t\t\t\t<\/div>\n\t\t\t\t<\/div>\n\t\t\t\t<\/div>\n\t\t<div class=\"elementor-element elementor-element-70666c7 e-con-full e-flex e-con e-child\" data-id=\"70666c7\" data-element_type=\"container\">\n\t\t\t\t<div class=\"elementor-element elementor-element-102fb6d elementor-view-stacked elementor-shape-circle elementor-position-top elementor-mobile-position-top elementor-widget elementor-widget-icon-box\" data-id=\"102fb6d\" data-element_type=\"widget\" data-widget_type=\"icon-box.default\">\n\t\t\t\t<div class=\"elementor-widget-container\">\n\t\t\t\t\t<div class=\"elementor-icon-box-wrapper\">\n\n\t\t\t\t\t\t<div class=\"elementor-icon-box-icon\">\n\t\t\t\t<span  class=\"elementor-icon elementor-animation-grow\">\n\t\t\t\t<svg aria-hidden=\"true\" class=\"e-font-icon-svg e-fas-recycle\" viewBox=\"0 0 512 512\" xmlns=\"http:\/\/www.w3.org\/2000\/svg\"><path d=\"M184.561 261.903c3.232 13.997-12.123 24.635-24.068 17.168l-40.736-25.455-50.867 81.402C55.606 356.273 70.96 384 96.012 384H148c6.627 0 12 5.373 12 12v40c0 6.627-5.373 12-12 12H96.115c-75.334 0-121.302-83.048-81.408-146.88l50.822-81.388-40.725-25.448c-12.081-7.547-8.966-25.961 4.879-29.158l110.237-25.45c8.611-1.988 17.201 3.381 19.189 11.99l25.452 110.237zm98.561-182.915l41.289 66.076-40.74 25.457c-12.051 7.528-9 25.953 4.879 29.158l110.237 25.45c8.672 1.999 17.215-3.438 19.189-11.99l25.45-110.237c3.197-13.844-11.99-24.719-24.068-17.168l-40.687 25.424-41.263-66.082c-37.521-60.033-125.209-60.171-162.816 0l-17.963 28.766c-3.51 5.62-1.8 13.021 3.82 16.533l33.919 21.195c5.62 3.512 13.024 1.803 16.536-3.817l17.961-28.743c12.712-20.341 41.973-19.676 54.257-.022zM497.288 301.12l-27.515-44.065c-3.511-5.623-10.916-7.334-16.538-3.821l-33.861 21.159c-5.62 3.512-7.33 10.915-3.818 16.536l27.564 44.112c13.257 21.211-2.057 48.96-27.136 48.96H320V336.02c0-14.213-17.242-21.383-27.313-11.313l-80 79.981c-6.249 6.248-6.249 16.379 0 22.627l80 79.989C302.689 517.308 320 510.3 320 495.989V448h95.88c75.274 0 121.335-82.997 81.408-146.88z\"><\/path><\/svg>\t\t\t\t<\/span>\n\t\t\t<\/div>\n\t\t\t\n\t\t\t\t\t\t<div class=\"elementor-icon-box-content\">\n\n\t\t\t\t\n\t\t\t\t\t\t\t\t\t<p class=\"elementor-icon-box-description\">\n\t\t\t\t\t\tBuscar continuamente melhorar nossos processos, integrando pr\u00e1ticas ambientais respons\u00e1veis\t\t\t\t\t<\/p>\n\t\t\t\t\n\t\t\t<\/div>\n\t\t\t\n\t\t<\/div>\n\t\t\t\t<\/div>\n\t\t\t\t<\/div>\n\t\t\t\t<\/div>\n\t\t<div class=\"elementor-element elementor-element-39538ab e-con-full e-flex e-con e-child\" data-id=\"39538ab\" data-element_type=\"container\">\n\t\t\t\t<div class=\"elementor-element elementor-element-407bf6d elementor-view-stacked elementor-shape-circle elementor-position-top elementor-mobile-position-top elementor-widget elementor-widget-icon-box\" data-id=\"407bf6d\" data-element_type=\"widget\" data-widget_type=\"icon-box.default\">\n\t\t\t\t<div class=\"elementor-widget-container\">\n\t\t\t\t\t<div class=\"elementor-icon-box-wrapper\">\n\n\t\t\t\t\t\t<div class=\"elementor-icon-box-icon\">\n\t\t\t\t<span  class=\"elementor-icon elementor-animation-grow\">\n\t\t\t\t<svg aria-hidden=\"true\" class=\"e-font-icon-svg e-fas-hands-helping\" viewBox=\"0 0 640 512\" xmlns=\"http:\/\/www.w3.org\/2000\/svg\"><path d=\"M488 192H336v56c0 39.7-32.3 72-72 72s-72-32.3-72-72V126.4l-64.9 39C107.8 176.9 96 197.8 96 220.2v47.3l-80 46.2C.7 322.5-4.6 342.1 4.3 357.4l80 138.6c8.8 15.3 28.4 20.5 43.7 11.7L231.4 448H368c35.3 0 64-28.7 64-64h16c17.7 0 32-14.3 32-32v-64h8c13.3 0 24-10.7 24-24v-48c0-13.3-10.7-24-24-24zm147.7-37.4L555.7 16C546.9.7 527.3-4.5 512 4.3L408.6 64H306.4c-12 0-23.7 3.4-33.9 9.7L239 94.6c-9.4 5.8-15 16.1-15 27.1V248c0 22.1 17.9 40 40 40s40-17.9 40-40v-88h184c30.9 0 56 25.1 56 56v28.5l80-46.2c15.3-8.9 20.5-28.4 11.7-43.7z\"><\/path><\/svg>\t\t\t\t<\/span>\n\t\t\t<\/div>\n\t\t\t\n\t\t\t\t\t\t<div class=\"elementor-icon-box-content\">\n\n\t\t\t\t\n\t\t\t\t\t\t\t\t\t<p class=\"elementor-icon-box-description\">\n\t\t\t\t\t\tPromover a conscientiza\u00e7\u00e3o entre colaboradores, clientes e parceiros\t\t\t\t\t<\/p>\n\t\t\t\t\n\t\t\t<\/div>\n\t\t\t\n\t\t<\/div>\n\t\t\t\t<\/div>\n\t\t\t\t<\/div>\n\t\t\t\t<\/div>\n\t\t\t\t\t<\/div>\n\t\t\t\t<\/div>\n\t\t\t\t\t<\/div>\n\t\t\t\t<\/div>\n\t\t<div class=\"elementor-element elementor-element-464c7b5 e-flex e-con-boxed e-con e-parent\" data-id=\"464c7b5\" data-element_type=\"container\" data-settings=\"{&quot;background_background&quot;:&quot;classic&quot;}\">\n\t\t\t\t\t<div class=\"e-con-inner\">\n\t\t\t\t<div class=\"elementor-element elementor-element-25adbdf elementor-widget elementor-widget-heading\" data-id=\"25adbdf\" data-element_type=\"widget\" data-widget_type=\"heading.default\">\n\t\t\t\t<div class=\"elementor-widget-container\">\n\t\t\t<h2 class=\"elementor-heading-title elementor-size-default\"><p><a href=\"\" class=\"item-sustentabilidade\" target=\"_blank\">Politicas de Gest\u00e3o Ambiental <\/a> <\/p><\/h2>\t\t<\/div>\n\t\t\t\t<\/div>\n\t\t\t\t\t<\/div>\n\t\t\t\t<\/div>\n\t\t\t\t<\/div>\n\t\t","protected":false},"excerpt":{"rendered":"<p>Politicas de Gest\u00e3o Ambiental Realizar nossas atividades com respeito ao meio ambiente e que tenham como refer\u00eancias permanentes Promover a sustentabilidade por meio da preven\u00e7\u00e3o de impactos ambientais Usar os recursos naturais de maneira respons\u00e1vel e em conformidade com a legisla\u00e7\u00e3o ambiental Buscar continuamente melhorar nossos processos, integrando pr\u00e1ticas ambientais respons\u00e1veis Promover a conscientiza\u00e7\u00e3o entre [&hellip;]<\/p>\n","protected":false},"author":2,"featured_media":0,"parent":0,"menu_order":0,"comment_status":"closed","ping_status":"closed","template":"","meta":{"footnotes":""},"yoast_head":"<!-- This site is optimized with the Yoast SEO plugin v22.8 - https:\/\/yoast.com\/wordpress\/plugins\/seo\/ -->\n<title>Pol\u00edtica de Meio Ambiente - Avalicon Engenharia<\/title>\n<meta name=\"robots\" content=\"index, follow, max-snippet:-1, max-image-preview:large, max-video-preview:-1\" \/>\n<link rel=\"canonical\" href=\"https:\/\/avalicon.com.br\/index.php\/politica-de-meio-ambiente\/\" \/>\n<meta property=\"og:locale\" content=\"pt_BR\" \/>\n<meta property=\"og:type\" content=\"article\" \/>\n<meta property=\"og:title\" content=\"Pol\u00edtica de Meio Ambiente - Avalicon Engenharia\" \/>\n<meta property=\"og:description\" content=\"Politicas de Gest\u00e3o Ambiental Realizar nossas atividades com respeito ao meio ambiente e que tenham como refer\u00eancias permanentes Promover a sustentabilidade por meio da preven\u00e7\u00e3o de impactos ambientais Usar os recursos naturais de maneira respons\u00e1vel e em conformidade com a legisla\u00e7\u00e3o ambiental Buscar continuamente melhorar nossos processos, integrando pr\u00e1ticas ambientais respons\u00e1veis Promover a conscientiza\u00e7\u00e3o entre [&hellip;]\" \/>\n<meta property=\"og:url\" content=\"https:\/\/avalicon.com.br\/index.php\/politica-de-meio-ambiente\/\" \/>\n<meta property=\"og:site_name\" content=\"Avalicon Engenharia\" \/>\n<meta property=\"article:modified_time\" content=\"2025-02-03T14:49:04+00:00\" \/>\n<meta name=\"twitter:card\" content=\"summary_large_image\" \/>\n<meta name=\"twitter:label1\" content=\"Est. tempo de leitura\" \/>\n\t<meta name=\"twitter:data1\" content=\"1 minuto\" \/>\n<script type=\"application\/ld+json\" class=\"yoast-schema-graph\">{\"@context\":\"https:\/\/schema.org\",\"@graph\":[{\"@type\":\"WebPage\",\"@id\":\"https:\/\/avalicon.com.br\/index.php\/politica-de-meio-ambiente\/\",\"url\":\"https:\/\/avalicon.com.br\/index.php\/politica-de-meio-ambiente\/\",\"name\":\"Pol\u00edtica de Meio Ambiente - Avalicon Engenharia\",\"isPartOf\":{\"@id\":\"https:\/\/avalicon.com.br\/#website\"},\"datePublished\":\"2025-01-21T22:15:46+00:00\",\"dateModified\":\"2025-02-03T14:49:04+00:00\",\"breadcrumb\":{\"@id\":\"https:\/\/avalicon.com.br\/index.php\/politica-de-meio-ambiente\/#breadcrumb\"},\"inLanguage\":\"pt-BR\",\"potentialAction\":[{\"@type\":\"ReadAction\",\"target\":[\"https:\/\/avalicon.com.br\/index.php\/politica-de-meio-ambiente\/\"]}]},{\"@type\":\"BreadcrumbList\",\"@id\":\"https:\/\/avalicon.com.br\/index.php\/politica-de-meio-ambiente\/#breadcrumb\",\"itemListElement\":[{\"@type\":\"ListItem\",\"position\":1,\"name\":\"Home\",\"item\":\"https:\/\/avalicon.com.br\/\"},{\"@type\":\"ListItem\",\"position\":2,\"name\":\"Pol\u00edtica de Meio Ambiente\"}]},{\"@type\":\"WebSite\",\"@id\":\"https:\/\/avalicon.com.br\/#website\",\"url\":\"https:\/\/avalicon.com.br\/\",\"name\":\"Avalicon Engenharia\",\"description\":\"Somos uma empresa especializada em Avalia\u00e7\u00f5es, Topografia, Sondagens, Negocia\u00e7\u00f5es e Regulariza\u00e7\u00e3o de im\u00f3veis urbanos e rurais. Com mais de 20 anos no mercado, s\u00e3o milhares de quil\u00f4metros de trabalhos realizados por todo o territ\u00f3rio nacional.\",\"publisher\":{\"@id\":\"https:\/\/avalicon.com.br\/#organization\"},\"potentialAction\":[{\"@type\":\"SearchAction\",\"target\":{\"@type\":\"EntryPoint\",\"urlTemplate\":\"https:\/\/avalicon.com.br\/?s={search_term_string}\"},\"query-input\":\"required name=search_term_string\"}],\"inLanguage\":\"pt-BR\"},{\"@type\":\"Organization\",\"@id\":\"https:\/\/avalicon.com.br\/#organization\",\"name\":\"Avalicon Engenharia\",\"url\":\"https:\/\/avalicon.com.br\/\",\"logo\":{\"@type\":\"ImageObject\",\"inLanguage\":\"pt-BR\",\"@id\":\"https:\/\/avalicon.com.br\/#\/schema\/logo\/image\/\",\"url\":\"https:\/\/avalicon.com.br\/wp-content\/uploads\/2024\/04\/logo_nova.png\",\"contentUrl\":\"https:\/\/avalicon.com.br\/wp-content\/uploads\/2024\/04\/logo_nova.png\",\"width\":138,\"height\":110,\"caption\":\"Avalicon Engenharia\"},\"image\":{\"@id\":\"https:\/\/avalicon.com.br\/#\/schema\/logo\/image\/\"}}]}<\/script>\n<!-- \/ Yoast SEO plugin. -->","yoast_head_json":{"title":"Pol\u00edtica de Meio Ambiente - Avalicon Engenharia","robots":{"index":"index","follow":"follow","max-snippet":"max-snippet:-1","max-image-preview":"max-image-preview:large","max-video-preview":"max-video-preview:-1"},"canonical":"https:\/\/avalicon.com.br\/index.php\/politica-de-meio-ambiente\/","og_locale":"pt_BR","og_type":"article","og_title":"Pol\u00edtica de Meio Ambiente - Avalicon Engenharia","og_description":"Politicas de Gest\u00e3o Ambiental Realizar nossas atividades com respeito ao meio ambiente e que tenham como refer\u00eancias permanentes Promover a sustentabilidade por meio da preven\u00e7\u00e3o de impactos ambientais Usar os recursos naturais de maneira respons\u00e1vel e em conformidade com a legisla\u00e7\u00e3o ambiental Buscar continuamente melhorar nossos processos, integrando pr\u00e1ticas ambientais respons\u00e1veis Promover a conscientiza\u00e7\u00e3o entre [&hellip;]","og_url":"https:\/\/avalicon.com.br\/index.php\/politica-de-meio-ambiente\/","og_site_name":"Avalicon Engenharia","article_modified_time":"2025-02-03T14:49:04+00:00","twitter_card":"summary_large_image","twitter_misc":{"Est. tempo de leitura":"1 minuto"},"schema":{"@context":"https:\/\/schema.org","@graph":[{"@type":"WebPage","@id":"https:\/\/avalicon.com.br\/index.php\/politica-de-meio-ambiente\/","url":"https:\/\/avalicon.com.br\/index.php\/politica-de-meio-ambiente\/","name":"Pol\u00edtica de Meio Ambiente - Avalicon Engenharia","isPartOf":{"@id":"https:\/\/avalicon.com.br\/#website"},"datePublished":"2025-01-21T22:15:46+00:00","dateModified":"2025-02-03T14:49:04+00:00","breadcrumb":{"@id":"https:\/\/avalicon.com.br\/index.php\/politica-de-meio-ambiente\/#breadcrumb"},"inLanguage":"pt-BR","potentialAction":[{"@type":"ReadAction","target":["https:\/\/avalicon.com.br\/index.php\/politica-de-meio-ambiente\/"]}]},{"@type":"BreadcrumbList","@id":"https:\/\/avalicon.com.br\/index.php\/politica-de-meio-ambiente\/#breadcrumb","itemListElement":[{"@type":"ListItem","position":1,"name":"Home","item":"https:\/\/avalicon.com.br\/"},{"@type":"ListItem","position":2,"name":"Pol\u00edtica de Meio Ambiente"}]},{"@type":"WebSite","@id":"https:\/\/avalicon.com.br\/#website","url":"https:\/\/avalicon.com.br\/","name":"Avalicon Engenharia","description":"Somos uma empresa especializada em Avalia\u00e7\u00f5es, Topografia, Sondagens, Negocia\u00e7\u00f5es e Regulariza\u00e7\u00e3o de im\u00f3veis urbanos e rurais. Com mais de 20 anos no mercado, s\u00e3o milhares de quil\u00f4metros de trabalhos realizados por todo o territ\u00f3rio nacional.","publisher":{"@id":"https:\/\/avalicon.com.br\/#organization"},"potentialAction":[{"@type":"SearchAction","target":{"@type":"EntryPoint","urlTemplate":"https:\/\/avalicon.com.br\/?s={search_term_string}"},"query-input":"required name=search_term_string"}],"inLanguage":"pt-BR"},{"@type":"Organization","@id":"https:\/\/avalicon.com.br\/#organization","name":"Avalicon Engenharia","url":"https:\/\/avalicon.com.br\/","logo":{"@type":"ImageObject","inLanguage":"pt-BR","@id":"https:\/\/avalicon.com.br\/#\/schema\/logo\/image\/","url":"https:\/\/avalicon.com.br\/wp-content\/uploads\/2024\/04\/logo_nova.png","contentUrl":"https:\/\/avalicon.com.br\/wp-content\/uploads\/2024\/04\/logo_nova.png","width":138,"height":110,"caption":"Avalicon Engenharia"},"image":{"@id":"https:\/\/avalicon.com.br\/#\/schema\/logo\/image\/"}}]}},"_links":{"self":[{"href":"https:\/\/avalicon.com.br\/index.php\/wp-json\/wp\/v2\/pages\/1182"}],"collection":[{"href":"https:\/\/avalicon.com.br\/index.php\/wp-json\/wp\/v2\/pages"}],"about":[{"href":"https:\/\/avalicon.com.br\/index.php\/wp-json\/wp\/v2\/types\/page"}],"author":[{"embeddable":true,"href":"https:\/\/avalicon.com.br\/index.php\/wp-json\/wp\/v2\/users\/2"}],"replies":[{"embeddable":true,"href":"https:\/\/avalicon.com.br\/index.php\/wp-json\/wp\/v2\/comments?post=1182"}],"version-history":[{"count":7,"href":"https:\/\/avalicon.com.br\/index.php\/wp-json\/wp\/v2\/pages\/1182\/revisions"}],"predecessor-version":[{"id":1277,"href":"https:\/\/avalicon.com.br\/index.php\/wp-json\/wp\/v2\/pages\/1182\/revisions\/1277"}],"wp:attachment":[{"href":"https:\/\/avalicon.com.br\/index.php\/wp-json\/wp\/v2\/media?parent=1182"}],"curies":[{"name":"wp","href":"https:\/\/api.w.org\/{rel}","templated":true}]}}