{"id":1284,"date":"2025-02-03T11:52:17","date_gmt":"2025-02-03T14:52:17","guid":{"rendered":"https:\/\/avalicon.com.br\/?page_id=1284"},"modified":"2025-02-03T11:55:06","modified_gmt":"2025-02-03T14:55:06","slug":"1284-2","status":"publish","type":"page","link":"https:\/\/avalicon.com.br\/index.php\/1284-2\/","title":{"rendered":"Servi\u00e7os"},"content":{"rendered":"\t\t<div data-elementor-type=\"wp-page\" data-elementor-id=\"1284\" class=\"elementor elementor-1284\" data-elementor-post-type=\"page\">\n\t\t\t\t<div class=\"elementor-element elementor-element-ad0a520 e-con-full e-flex e-con e-parent\" data-id=\"ad0a520\" data-element_type=\"container\" data-settings=\"{&quot;background_background&quot;:&quot;slideshow&quot;,&quot;background_slideshow_gallery&quot;:[{&quot;id&quot;:916,&quot;url&quot;:&quot;https:\\\/\\\/avalicon.com.br\\\/wp-content\\\/uploads\\\/2024\\\/06\\\/1.png&quot;},{&quot;id&quot;:920,&quot;url&quot;:&quot;https:\\\/\\\/avalicon.com.br\\\/wp-content\\\/uploads\\\/2024\\\/06\\\/5.png&quot;},{&quot;id&quot;:519,&quot;url&quot;:&quot;https:\\\/\\\/avalicon.com.br\\\/wp-content\\\/uploads\\\/2024\\\/05\\\/1.png&quot;}],&quot;background_slideshow_ken_burns&quot;:&quot;yes&quot;,&quot;background_slideshow_loop&quot;:&quot;yes&quot;,&quot;background_slideshow_slide_duration&quot;:5000,&quot;background_slideshow_slide_transition&quot;:&quot;fade&quot;,&quot;background_slideshow_transition_duration&quot;:500,&quot;background_slideshow_ken_burns_zoom_direction&quot;:&quot;in&quot;}\">\n\t\t\t\t<div class=\"elementor-element elementor-element-fbe1798 elementor-widget elementor-widget-heading\" data-id=\"fbe1798\" data-element_type=\"widget\" data-widget_type=\"heading.default\">\n\t\t\t\t<div class=\"elementor-widget-container\">\n\t\t\t<style>\/*! elementor - v3.21.0 - 26-05-2024 *\/\n.elementor-heading-title{padding:0;margin:0;line-height:1}.elementor-widget-heading .elementor-heading-title[class*=elementor-size-]>a{color:inherit;font-size:inherit;line-height:inherit}.elementor-widget-heading .elementor-heading-title.elementor-size-small{font-size:15px}.elementor-widget-heading .elementor-heading-title.elementor-size-medium{font-size:19px}.elementor-widget-heading .elementor-heading-title.elementor-size-large{font-size:29px}.elementor-widget-heading .elementor-heading-title.elementor-size-xl{font-size:39px}.elementor-widget-heading .elementor-heading-title.elementor-size-xxl{font-size:59px}<\/style><h3 class=\"elementor-heading-title elementor-size-default\">Servi\u00e7os<\/h3>\t\t<\/div>\n\t\t\t\t<\/div>\n\t\t\t\t<\/div>\n\t\t<div class=\"elementor-element elementor-element-9a1ad49 e-con-full e-flex e-con e-child\" data-id=\"9a1ad49\" data-element_type=\"container\">\n\t\t\t\t<div class=\"elementor-element elementor-element-c3ed49c elementor-widget elementor-widget-eael-image-accordion\" data-id=\"c3ed49c\" data-element_type=\"widget\" data-widget_type=\"eael-image-accordion.default\">\n\t\t\t\t<div class=\"elementor-widget-container\">\n\t\t\t    <div class=\"eael-img-accordion accordion-direction-horizontal eael-img-accordion-horizontal-align-center eael-img-accordion-vertical-align-center\" id=\"eael-img-accordion-c3ed49c\" data-img-accordion-id=\"c3ed49c\" data-img-accordion-type=\"on-hover\">\n                    \n            <div class=\"eael-image-accordion-hover eael-image-accordion-item overlay-active\" style=\"background-image: url(https:\/\/avalicon.com.br\/wp-content\/uploads\/2024\/06\/5.png); flex: 3 1 0%;\"  tabindex=\"0\">\n                <div class=\"overlay\">\n                    <div class=\"overlay-inner  overlay-inner-show\">\n                        <a href=\"https:\/\/avalicon.com.br\/index.php\/aerolevantamento\/\"><h2 class=\"img-accordion-title\">Aerolevantamento<\/h2><\/a>                    <\/div>\n                <\/div>\n            <\/div>\n                    \n            <div class=\"eael-image-accordion-hover eael-image-accordion-item overlay-active\" style=\"background-image: url(https:\/\/avalicon.com.br\/wp-content\/uploads\/2024\/06\/17.png); flex: 3 1 0%;\"  tabindex=\"0\">\n                <div class=\"overlay\">\n                    <div class=\"overlay-inner  overlay-inner-show\">\n                        <a href=\"https:\/\/avalicon.com.br\/index.php\/avaliacoes\/\"><h2 class=\"img-accordion-title\">Avalia\u00e7\u00f5es<\/h2><\/a>                    <\/div>\n                <\/div>\n            <\/div>\n                    \n            <div class=\"eael-image-accordion-hover eael-image-accordion-item overlay-active\" style=\"background-image: url(https:\/\/avalicon.com.br\/wp-content\/uploads\/2024\/06\/23.png); flex: 3 1 0%;\"  tabindex=\"0\">\n                <div class=\"overlay\">\n                    <div class=\"overlay-inner  overlay-inner-show\">\n                        <a href=\"https:\/\/avalicon.com.br\/index.php\/fundiario\/\"><h2 class=\"img-accordion-title\">Fundi\u00e1rio<\/h2><\/a>                    <\/div>\n                <\/div>\n            <\/div>\n                    \n            <div class=\"eael-image-accordion-hover eael-image-accordion-item overlay-active\" style=\"background-image: url(https:\/\/avalicon.com.br\/wp-content\/uploads\/2024\/04\/avalicon-6.png); flex: 3 1 0%;\"  tabindex=\"0\">\n                <div class=\"overlay\">\n                    <div class=\"overlay-inner  overlay-inner-show\">\n                        <a href=\"https:\/\/avalicon.com.br\/index.php\/servicos-topograficos\/\"><h2 class=\"img-accordion-title\">Servi\u00e7os Topogr\u00e1ficos<\/h2><\/a>                    <\/div>\n                <\/div>\n            <\/div>\n                    \n            <div class=\"eael-image-accordion-hover eael-image-accordion-item overlay-active\" style=\"background-image: url(https:\/\/avalicon.com.br\/wp-content\/uploads\/2024\/05\/7-1.png); flex: 3 1 0%;\"  tabindex=\"0\">\n                <div class=\"overlay\">\n                    <div class=\"overlay-inner  overlay-inner-show\">\n                        <a href=\"https:\/\/avalicon.com.br\/index.php\/outros-servicos\/\"><h2 class=\"img-accordion-title\">Outros Servi\u00e7os<\/h2><\/a>                    <\/div>\n                <\/div>\n            <\/div>\n                <\/div>\n        <style typr=\"text\/css\">\n                    #eael-img-accordion-c3ed49c .eael-image-accordion-hover:hover {\n                        flex: 3 1 0% !important;\n                    }\n                    #eael-img-accordion-c3ed49c .eael-image-accordion-hover:hover:hover .overlay-inner * {\n                        opacity: 1;\n                        visibility: visible;\n                        transform: none;\n                        transition: all .3s .3s;\n                    }\n                <\/style>\t\t<\/div>\n\t\t\t\t<\/div>\n\t\t\t\t<\/div>\n\t\t\t\t<\/div>\n\t\t","protected":false},"excerpt":{"rendered":"<p>Servi\u00e7os Aerolevantamento Avalia\u00e7\u00f5es Fundi\u00e1rio Servi\u00e7os Topogr\u00e1ficos Outros Servi\u00e7os<\/p>\n","protected":false},"author":2,"featured_media":0,"parent":0,"menu_order":0,"comment_status":"closed","ping_status":"closed","template":"","meta":{"footnotes":""},"yoast_head":"<!-- This site is optimized with the Yoast SEO plugin v22.8 - https:\/\/yoast.com\/wordpress\/plugins\/seo\/ -->\n<title>Servi\u00e7os - Avalicon Engenharia<\/title>\n<meta name=\"robots\" content=\"index, follow, max-snippet:-1, max-image-preview:large, max-video-preview:-1\" \/>\n<link rel=\"canonical\" href=\"https:\/\/avalicon.com.br\/index.php\/1284-2\/\" \/>\n<meta property=\"og:locale\" content=\"pt_BR\" \/>\n<meta property=\"og:type\" content=\"article\" \/>\n<meta property=\"og:title\" content=\"Servi\u00e7os - Avalicon Engenharia\" \/>\n<meta property=\"og:description\" content=\"Servi\u00e7os Aerolevantamento Avalia\u00e7\u00f5es Fundi\u00e1rio Servi\u00e7os Topogr\u00e1ficos Outros Servi\u00e7os\" \/>\n<meta property=\"og:url\" content=\"https:\/\/avalicon.com.br\/index.php\/1284-2\/\" \/>\n<meta property=\"og:site_name\" content=\"Avalicon Engenharia\" \/>\n<meta property=\"article:modified_time\" content=\"2025-02-03T14:55:06+00:00\" \/>\n<meta name=\"twitter:card\" content=\"summary_large_image\" \/>\n<meta name=\"twitter:label1\" content=\"Est. tempo de leitura\" \/>\n\t<meta name=\"twitter:data1\" content=\"1 minuto\" \/>\n<script type=\"application\/ld+json\" class=\"yoast-schema-graph\">{\"@context\":\"https:\/\/schema.org\",\"@graph\":[{\"@type\":\"WebPage\",\"@id\":\"https:\/\/avalicon.com.br\/index.php\/1284-2\/\",\"url\":\"https:\/\/avalicon.com.br\/index.php\/1284-2\/\",\"name\":\"Servi\u00e7os - Avalicon Engenharia\",\"isPartOf\":{\"@id\":\"https:\/\/avalicon.com.br\/#website\"},\"datePublished\":\"2025-02-03T14:52:17+00:00\",\"dateModified\":\"2025-02-03T14:55:06+00:00\",\"breadcrumb\":{\"@id\":\"https:\/\/avalicon.com.br\/index.php\/1284-2\/#breadcrumb\"},\"inLanguage\":\"pt-BR\",\"potentialAction\":[{\"@type\":\"ReadAction\",\"target\":[\"https:\/\/avalicon.com.br\/index.php\/1284-2\/\"]}]},{\"@type\":\"BreadcrumbList\",\"@id\":\"https:\/\/avalicon.com.br\/index.php\/1284-2\/#breadcrumb\",\"itemListElement\":[{\"@type\":\"ListItem\",\"position\":1,\"name\":\"Home\",\"item\":\"https:\/\/avalicon.com.br\/\"},{\"@type\":\"ListItem\",\"position\":2,\"name\":\"Servi\u00e7os\"}]},{\"@type\":\"WebSite\",\"@id\":\"https:\/\/avalicon.com.br\/#website\",\"url\":\"https:\/\/avalicon.com.br\/\",\"name\":\"Avalicon Engenharia\",\"description\":\"Somos uma empresa especializada em Avalia\u00e7\u00f5es, Topografia, Sondagens, Negocia\u00e7\u00f5es e Regulariza\u00e7\u00e3o de im\u00f3veis urbanos e rurais. Com mais de 20 anos no mercado, s\u00e3o milhares de quil\u00f4metros de trabalhos realizados por todo o territ\u00f3rio nacional.\",\"publisher\":{\"@id\":\"https:\/\/avalicon.com.br\/#organization\"},\"potentialAction\":[{\"@type\":\"SearchAction\",\"target\":{\"@type\":\"EntryPoint\",\"urlTemplate\":\"https:\/\/avalicon.com.br\/?s={search_term_string}\"},\"query-input\":\"required name=search_term_string\"}],\"inLanguage\":\"pt-BR\"},{\"@type\":\"Organization\",\"@id\":\"https:\/\/avalicon.com.br\/#organization\",\"name\":\"Avalicon Engenharia\",\"url\":\"https:\/\/avalicon.com.br\/\",\"logo\":{\"@type\":\"ImageObject\",\"inLanguage\":\"pt-BR\",\"@id\":\"https:\/\/avalicon.com.br\/#\/schema\/logo\/image\/\",\"url\":\"https:\/\/avalicon.com.br\/wp-content\/uploads\/2024\/04\/logo_nova.png\",\"contentUrl\":\"https:\/\/avalicon.com.br\/wp-content\/uploads\/2024\/04\/logo_nova.png\",\"width\":138,\"height\":110,\"caption\":\"Avalicon Engenharia\"},\"image\":{\"@id\":\"https:\/\/avalicon.com.br\/#\/schema\/logo\/image\/\"}}]}<\/script>\n<!-- \/ Yoast SEO plugin. -->","yoast_head_json":{"title":"Servi\u00e7os - Avalicon Engenharia","robots":{"index":"index","follow":"follow","max-snippet":"max-snippet:-1","max-image-preview":"max-image-preview:large","max-video-preview":"max-video-preview:-1"},"canonical":"https:\/\/avalicon.com.br\/index.php\/1284-2\/","og_locale":"pt_BR","og_type":"article","og_title":"Servi\u00e7os - Avalicon Engenharia","og_description":"Servi\u00e7os Aerolevantamento Avalia\u00e7\u00f5es Fundi\u00e1rio Servi\u00e7os Topogr\u00e1ficos Outros Servi\u00e7os","og_url":"https:\/\/avalicon.com.br\/index.php\/1284-2\/","og_site_name":"Avalicon Engenharia","article_modified_time":"2025-02-03T14:55:06+00:00","twitter_card":"summary_large_image","twitter_misc":{"Est. tempo de leitura":"1 minuto"},"schema":{"@context":"https:\/\/schema.org","@graph":[{"@type":"WebPage","@id":"https:\/\/avalicon.com.br\/index.php\/1284-2\/","url":"https:\/\/avalicon.com.br\/index.php\/1284-2\/","name":"Servi\u00e7os - Avalicon Engenharia","isPartOf":{"@id":"https:\/\/avalicon.com.br\/#website"},"datePublished":"2025-02-03T14:52:17+00:00","dateModified":"2025-02-03T14:55:06+00:00","breadcrumb":{"@id":"https:\/\/avalicon.com.br\/index.php\/1284-2\/#breadcrumb"},"inLanguage":"pt-BR","potentialAction":[{"@type":"ReadAction","target":["https:\/\/avalicon.com.br\/index.php\/1284-2\/"]}]},{"@type":"BreadcrumbList","@id":"https:\/\/avalicon.com.br\/index.php\/1284-2\/#breadcrumb","itemListElement":[{"@type":"ListItem","position":1,"name":"Home","item":"https:\/\/avalicon.com.br\/"},{"@type":"ListItem","position":2,"name":"Servi\u00e7os"}]},{"@type":"WebSite","@id":"https:\/\/avalicon.com.br\/#website","url":"https:\/\/avalicon.com.br\/","name":"Avalicon Engenharia","description":"Somos uma empresa especializada em Avalia\u00e7\u00f5es, Topografia, Sondagens, Negocia\u00e7\u00f5es e Regulariza\u00e7\u00e3o de im\u00f3veis urbanos e rurais. Com mais de 20 anos no mercado, s\u00e3o milhares de quil\u00f4metros de trabalhos realizados por todo o territ\u00f3rio nacional.","publisher":{"@id":"https:\/\/avalicon.com.br\/#organization"},"potentialAction":[{"@type":"SearchAction","target":{"@type":"EntryPoint","urlTemplate":"https:\/\/avalicon.com.br\/?s={search_term_string}"},"query-input":"required name=search_term_string"}],"inLanguage":"pt-BR"},{"@type":"Organization","@id":"https:\/\/avalicon.com.br\/#organization","name":"Avalicon Engenharia","url":"https:\/\/avalicon.com.br\/","logo":{"@type":"ImageObject","inLanguage":"pt-BR","@id":"https:\/\/avalicon.com.br\/#\/schema\/logo\/image\/","url":"https:\/\/avalicon.com.br\/wp-content\/uploads\/2024\/04\/logo_nova.png","contentUrl":"https:\/\/avalicon.com.br\/wp-content\/uploads\/2024\/04\/logo_nova.png","width":138,"height":110,"caption":"Avalicon Engenharia"},"image":{"@id":"https:\/\/avalicon.com.br\/#\/schema\/logo\/image\/"}}]}},"_links":{"self":[{"href":"https:\/\/avalicon.com.br\/index.php\/wp-json\/wp\/v2\/pages\/1284"}],"collection":[{"href":"https:\/\/avalicon.com.br\/index.php\/wp-json\/wp\/v2\/pages"}],"about":[{"href":"https:\/\/avalicon.com.br\/index.php\/wp-json\/wp\/v2\/types\/page"}],"author":[{"embeddable":true,"href":"https:\/\/avalicon.com.br\/index.php\/wp-json\/wp\/v2\/users\/2"}],"replies":[{"embeddable":true,"href":"https:\/\/avalicon.com.br\/index.php\/wp-json\/wp\/v2\/comments?post=1284"}],"version-history":[{"count":14,"href":"https:\/\/avalicon.com.br\/index.php\/wp-json\/wp\/v2\/pages\/1284\/revisions"}],"predecessor-version":[{"id":1298,"href":"https:\/\/avalicon.com.br\/index.php\/wp-json\/wp\/v2\/pages\/1284\/revisions\/1298"}],"wp:attachment":[{"href":"https:\/\/avalicon.com.br\/index.php\/wp-json\/wp\/v2\/media?parent=1284"}],"curies":[{"name":"wp","href":"https:\/\/api.w.org\/{rel}","templated":true}]}}