{"id":566,"date":"2024-05-19T17:25:20","date_gmt":"2024-05-19T20:25:20","guid":{"rendered":"https:\/\/teste.avalicon.com.br\/?page_id=566"},"modified":"2024-05-19T17:25:20","modified_gmt":"2024-05-19T20:25:20","slug":"fundiario","status":"publish","type":"page","link":"https:\/\/avalicon.com.br\/index.php\/fundiario\/","title":{"rendered":"Fundi\u00e1rio"},"content":{"rendered":"","protected":false},"excerpt":{"rendered":"","protected":false},"author":4,"featured_media":0,"parent":0,"menu_order":0,"comment_status":"closed","ping_status":"closed","template":"","meta":{"footnotes":""},"yoast_head":"<!-- This site is optimized with the Yoast SEO plugin v22.8 - https:\/\/yoast.com\/wordpress\/plugins\/seo\/ -->\n<title>Fundi\u00e1rio - Avalicon Engenharia<\/title>\n<meta name=\"robots\" content=\"index, follow, max-snippet:-1, max-image-preview:large, max-video-preview:-1\" \/>\n<link rel=\"canonical\" href=\"https:\/\/avalicon.com.br\/index.php\/fundiario\/\" \/>\n<meta property=\"og:locale\" content=\"pt_BR\" \/>\n<meta property=\"og:type\" content=\"article\" \/>\n<meta property=\"og:title\" content=\"Fundi\u00e1rio - Avalicon Engenharia\" \/>\n<meta property=\"og:url\" content=\"https:\/\/avalicon.com.br\/index.php\/fundiario\/\" \/>\n<meta property=\"og:site_name\" content=\"Avalicon Engenharia\" \/>\n<meta name=\"twitter:card\" content=\"summary_large_image\" \/>\n<script type=\"application\/ld+json\" class=\"yoast-schema-graph\">{\"@context\":\"https:\/\/schema.org\",\"@graph\":[{\"@type\":\"WebPage\",\"@id\":\"https:\/\/avalicon.com.br\/index.php\/fundiario\/\",\"url\":\"https:\/\/avalicon.com.br\/index.php\/fundiario\/\",\"name\":\"Fundi\u00e1rio - Avalicon Engenharia\",\"isPartOf\":{\"@id\":\"https:\/\/avalicon.com.br\/#website\"},\"datePublished\":\"2024-05-19T20:25:20+00:00\",\"dateModified\":\"2024-05-19T20:25:20+00:00\",\"breadcrumb\":{\"@id\":\"https:\/\/avalicon.com.br\/index.php\/fundiario\/#breadcrumb\"},\"inLanguage\":\"pt-BR\",\"potentialAction\":[{\"@type\":\"ReadAction\",\"target\":[\"https:\/\/avalicon.com.br\/index.php\/fundiario\/\"]}]},{\"@type\":\"BreadcrumbList\",\"@id\":\"https:\/\/avalicon.com.br\/index.php\/fundiario\/#breadcrumb\",\"itemListElement\":[{\"@type\":\"ListItem\",\"position\":1,\"name\":\"Home\",\"item\":\"https:\/\/avalicon.com.br\/\"},{\"@type\":\"ListItem\",\"position\":2,\"name\":\"Fundi\u00e1rio\"}]},{\"@type\":\"WebSite\",\"@id\":\"https:\/\/avalicon.com.br\/#website\",\"url\":\"https:\/\/avalicon.com.br\/\",\"name\":\"Avalicon Engenharia\",\"description\":\"Somos uma empresa especializada em Avalia\u00e7\u00f5es, Topografia, Sondagens, Negocia\u00e7\u00f5es e Regulariza\u00e7\u00e3o de im\u00f3veis urbanos e rurais. Com mais de 20 anos no mercado, s\u00e3o milhares de quil\u00f4metros de trabalhos realizados por todo o territ\u00f3rio nacional.\",\"publisher\":{\"@id\":\"https:\/\/avalicon.com.br\/#organization\"},\"potentialAction\":[{\"@type\":\"SearchAction\",\"target\":{\"@type\":\"EntryPoint\",\"urlTemplate\":\"https:\/\/avalicon.com.br\/?s={search_term_string}\"},\"query-input\":\"required name=search_term_string\"}],\"inLanguage\":\"pt-BR\"},{\"@type\":\"Organization\",\"@id\":\"https:\/\/avalicon.com.br\/#organization\",\"name\":\"Avalicon Engenharia\",\"url\":\"https:\/\/avalicon.com.br\/\",\"logo\":{\"@type\":\"ImageObject\",\"inLanguage\":\"pt-BR\",\"@id\":\"https:\/\/avalicon.com.br\/#\/schema\/logo\/image\/\",\"url\":\"https:\/\/avalicon.com.br\/wp-content\/uploads\/2024\/04\/logo_nova.png\",\"contentUrl\":\"https:\/\/avalicon.com.br\/wp-content\/uploads\/2024\/04\/logo_nova.png\",\"width\":138,\"height\":110,\"caption\":\"Avalicon Engenharia\"},\"image\":{\"@id\":\"https:\/\/avalicon.com.br\/#\/schema\/logo\/image\/\"}}]}<\/script>\n<!-- \/ Yoast SEO plugin. -->","yoast_head_json":{"title":"Fundi\u00e1rio - Avalicon Engenharia","robots":{"index":"index","follow":"follow","max-snippet":"max-snippet:-1","max-image-preview":"max-image-preview:large","max-video-preview":"max-video-preview:-1"},"canonical":"https:\/\/avalicon.com.br\/index.php\/fundiario\/","og_locale":"pt_BR","og_type":"article","og_title":"Fundi\u00e1rio - Avalicon Engenharia","og_url":"https:\/\/avalicon.com.br\/index.php\/fundiario\/","og_site_name":"Avalicon Engenharia","twitter_card":"summary_large_image","schema":{"@context":"https:\/\/schema.org","@graph":[{"@type":"WebPage","@id":"https:\/\/avalicon.com.br\/index.php\/fundiario\/","url":"https:\/\/avalicon.com.br\/index.php\/fundiario\/","name":"Fundi\u00e1rio - Avalicon Engenharia","isPartOf":{"@id":"https:\/\/avalicon.com.br\/#website"},"datePublished":"2024-05-19T20:25:20+00:00","dateModified":"2024-05-19T20:25:20+00:00","breadcrumb":{"@id":"https:\/\/avalicon.com.br\/index.php\/fundiario\/#breadcrumb"},"inLanguage":"pt-BR","potentialAction":[{"@type":"ReadAction","target":["https:\/\/avalicon.com.br\/index.php\/fundiario\/"]}]},{"@type":"BreadcrumbList","@id":"https:\/\/avalicon.com.br\/index.php\/fundiario\/#breadcrumb","itemListElement":[{"@type":"ListItem","position":1,"name":"Home","item":"https:\/\/avalicon.com.br\/"},{"@type":"ListItem","position":2,"name":"Fundi\u00e1rio"}]},{"@type":"WebSite","@id":"https:\/\/avalicon.com.br\/#website","url":"https:\/\/avalicon.com.br\/","name":"Avalicon Engenharia","description":"Somos uma empresa especializada em Avalia\u00e7\u00f5es, Topografia, Sondagens, Negocia\u00e7\u00f5es e Regulariza\u00e7\u00e3o de im\u00f3veis urbanos e rurais. Com mais de 20 anos no mercado, s\u00e3o milhares de quil\u00f4metros de trabalhos realizados por todo o territ\u00f3rio nacional.","publisher":{"@id":"https:\/\/avalicon.com.br\/#organization"},"potentialAction":[{"@type":"SearchAction","target":{"@type":"EntryPoint","urlTemplate":"https:\/\/avalicon.com.br\/?s={search_term_string}"},"query-input":"required name=search_term_string"}],"inLanguage":"pt-BR"},{"@type":"Organization","@id":"https:\/\/avalicon.com.br\/#organization","name":"Avalicon Engenharia","url":"https:\/\/avalicon.com.br\/","logo":{"@type":"ImageObject","inLanguage":"pt-BR","@id":"https:\/\/avalicon.com.br\/#\/schema\/logo\/image\/","url":"https:\/\/avalicon.com.br\/wp-content\/uploads\/2024\/04\/logo_nova.png","contentUrl":"https:\/\/avalicon.com.br\/wp-content\/uploads\/2024\/04\/logo_nova.png","width":138,"height":110,"caption":"Avalicon Engenharia"},"image":{"@id":"https:\/\/avalicon.com.br\/#\/schema\/logo\/image\/"}}]}},"_links":{"self":[{"href":"https:\/\/avalicon.com.br\/index.php\/wp-json\/wp\/v2\/pages\/566"}],"collection":[{"href":"https:\/\/avalicon.com.br\/index.php\/wp-json\/wp\/v2\/pages"}],"about":[{"href":"https:\/\/avalicon.com.br\/index.php\/wp-json\/wp\/v2\/types\/page"}],"author":[{"embeddable":true,"href":"https:\/\/avalicon.com.br\/index.php\/wp-json\/wp\/v2\/users\/4"}],"replies":[{"embeddable":true,"href":"https:\/\/avalicon.com.br\/index.php\/wp-json\/wp\/v2\/comments?post=566"}],"version-history":[{"count":0,"href":"https:\/\/avalicon.com.br\/index.php\/wp-json\/wp\/v2\/pages\/566\/revisions"}],"wp:attachment":[{"href":"https:\/\/avalicon.com.br\/index.php\/wp-json\/wp\/v2\/media?parent=566"}],"curies":[{"name":"wp","href":"https:\/\/api.w.org\/{rel}","templated":true}]}}